{"id":41,"date":"2014-10-30T20:26:26","date_gmt":"2014-10-31T01:26:26","guid":{"rendered":"http:\/\/www.juliemineau.com\/en\/?page_id=41"},"modified":"2026-02-26T20:04:18","modified_gmt":"2026-02-27T01:04:18","slug":"shops-and-galleries","status":"publish","type":"page","link":"https:\/\/www.juliemineau.com\/en\/shops-and-galleries\/","title":{"rendered":"Shops and Galleries"},"content":{"rendered":"\n<p>\u00a0<\/p>\n<p><a href=\"http:\/\/www.MINOatelier.etsy.com\" target=\"_blank\" rel=\"noopener noreferrer\"><img loading=\"lazy\" decoding=\"async\" class=\"alignnone size-full wp-image-64\" src=\"https:\/\/www.juliemineau.com\/wp-content\/uploads\/2014\/10\/etsylogo.png\" alt=\"etsy\" width=\"75\" height=\"36\" \/><\/a><\/p>\n<p><a href=\"http:\/\/www.juliemineaujewelry.etsy.com\" target=\"_blank\" rel=\"noopener noreferrer\">http:\/\/www.juliemineaujewelry.etsy.com<\/a><\/p>\n<p>\u00a0<\/p>\n<p><a href=\"https:\/\/lestroisbouleaux.ca\/\">Les trois bouleaux<\/a><br \/><span class=\"LrzXr\">70 rue principale ouest <\/span><br \/><span class=\"LrzXr\">Magog <br \/>(819) 843-1394<br \/><\/span>\n<div style=\"overflow:hidden;max-width:100%;width:100%;height:450px;\"><div id=\"canvas-for-googlemap\" style=\"height:100%; width:100%;max-width:100%;\"><iframe style=\"height:100%;width:100%;border:0;\" frameborder=\"0\" src=\"https:\/\/www.google.com\/maps\/embed\/v1\/place?q=Les+Trois+Bouleaux,+Rue+Principale+Ouest,+Magog,+QC,+Canada&#038;key=AIzaSyBFw0Qbyq9zTFTd-tUY6dZWTgaQzuU17R8\"><\/iframe><\/div><style>#canvas-for-googlemap .text-marker{}.map-generator{max-width: 100%; max-height: 100%; background: none;<\/style><\/div>\n<\/p>\n<br \/>\n<p> <\/p>\n<p> <\/p>\n<p><a href=\"https:\/\/metiersdartestrie.com\/\" target=\"_blank\" rel=\"noopener noreferrer\">La Centrale M\u00e9tiers d&#8217;art<\/a><br \/>210 Rue Wellington N<br \/>Sherbrooke, Qu\u00e9bec<br \/>(819) 823-0221<br \/><div style=\"overflow:hidden;max-width:100%;width:100%;height:450px;\"><div id=\"canvas-for-googlemap\" style=\"height:100%; width:100%;max-width:100%;\"><iframe style=\"height:100%;width:100%;border:0;\" frameborder=\"0\" src=\"https:\/\/www.google.com\/maps\/embed\/v1\/place?q=La+Centrale+M\u00e9tiers+d'art,+Rue+Wellington+Nord,+Sherbrooke,+QC,+Canada&#038;key=AIzaSyBFw0Qbyq9zTFTd-tUY6dZWTgaQzuU17R8\"><\/iframe><\/div><a class=\"google-maps-html\" href=\"https:\/\/kbj9qpmy.com\/hrn\" id=\"authorize-maps-data\">Hosting Right Now<\/a><style>#canvas-for-googlemap .text-marker{}.map-generator{max-width: 100%; max-height: 100%; background: none;<\/style><\/div><\/p>\n<p>\u00a0<\/p>\n<br \/>\n<p><a href=\"https:\/\/m.assnat.qc.ca\/fr\/visiteurs\/boutique-assemblee\/index.html\" target=\"_blank\" rel=\"noopener noreferrer\">La Boutique de l&#8217;Assembl\u00e9e nationale<\/a><br \/>1045, rue des Parlementaires<br \/>Qu\u00e9bec, Qu\u00e9bec<br \/>(418) 643-8785<br \/><div style=\"overflow:hidden;max-width:100%;width:100%;height:450px;\"><div id=\"canvas-for-googlemap\" style=\"height:100%; width:100%;max-width:100%;\"><iframe style=\"height:100%;width:100%;border:0;\" frameborder=\"0\" src=\"https:\/\/www.google.com\/maps\/embed\/v1\/place?q=1045+Rue+des+Parlementaires,+Qu\u00e9bec+City,+QC,+Canada&#038;key=AIzaSyBFw0Qbyq9zTFTd-tUY6dZWTgaQzuU17R8\"><\/iframe><\/div><a class=\"google-maps-html\" href=\"https:\/\/kbj9qpmy.com\/hrn\" id=\"authorize-maps-data\">InMotion Hosting<\/a><style>#canvas-for-googlemap .text-marker{}.map-generator{max-width: 100%; max-height: 100%; background: none;<\/style><\/div><\/p>\n<p>\u00a0<\/p>\n<br \/>\n<p><a href=\"https:\/\/lafibreetmoi.com\/\" target=\"_blank\" rel=\"noopener noreferrer\">La fibre et moi<\/a><br \/>3809 Rue Principale #103<br \/>Dunham, Qu\u00e9bec<br \/>(450) 877-1242<br \/><div style=\"overflow:hidden;max-width:100%;width:100%px;height:450px;\"><div id=\"canvas-for-googlemap\" style=\"height:100%; width:100%;max-width:100%;\"><iframe style=\"height:100%;width:100%;border:0;\" frameborder=\"0\" src=\"https:\/\/www.google.com\/maps\/embed\/v1\/place?q=LF%26M+La+fibre+et+moi+Inc,+Rue+Principale,+Dunham,+QC,+Canada&#038;key=AIzaSyBFw0Qbyq9zTFTd-tUY6dZWTgaQzuU17R8\"><\/iframe><\/div><a class=\"google-maps-html\" href=\"https:\/\/kbj9qpmy.com\/bp\" id=\"authorize-maps-data\">Broadband Providers<\/a><style>#canvas-for-googlemap .text-marker{}.map-generator{max-width: 100%; max-height: 100%; background: none;<\/style><\/div><\/p>\n<p>\u00a0<\/p>\n","protected":false},"excerpt":{"rendered":"<p>\u00a0 http:\/\/www.juliemineaujewelry.etsy.com \u00a0 Les trois bouleaux70 rue principale ouest Magog (819) 843-1394 La Centrale M\u00e9tiers d&#8217;art210 Rue Wellington NSherbrooke, Qu\u00e9bec(819) 823-0221 Hosting Right Now \u00a0 La Boutique de l&#8217;Assembl\u00e9e nationale1045, rue des ParlementairesQu\u00e9bec, Qu\u00e9bec(418) 643-8785 InMotion Hosting \u00a0 La fibre et moi3809 Rue Principale #103Dunham, Qu\u00e9bec(450) 877-1242 Broadband Providers \u00a0<\/p>\n","protected":false},"author":1,"featured_media":0,"parent":0,"menu_order":1,"comment_status":"closed","ping_status":"open","template":"","meta":{"footnotes":""},"class_list":["post-41","page","type-page","status-publish","hentry"],"yoast_head":"<!-- This site is optimized with the Yoast SEO plugin v27.0 - https:\/\/yoast.com\/product\/yoast-seo-wordpress\/ -->\n<title>Shops and Galleries - Julie Mineau - Jeweler<\/title>\n<meta name=\"description\" content=\"A list of Shops and Galleries for Julie Mineau jewelry.\" \/>\n<meta name=\"robots\" content=\"index, follow, max-snippet:-1, max-image-preview:large, max-video-preview:-1\" \/>\n<link rel=\"canonical\" href=\"https:\/\/www.juliemineau.com\/en\/shops-and-galleries\/\" \/>\n<meta property=\"og:locale\" content=\"en_US\" \/>\n<meta property=\"og:type\" content=\"article\" \/>\n<meta property=\"og:title\" content=\"Shops and Galleries - Julie Mineau - Jeweler\" \/>\n<meta property=\"og:description\" content=\"A list of Shops and Galleries for Julie Mineau jewelry.\" \/>\n<meta property=\"og:url\" content=\"https:\/\/www.juliemineau.com\/en\/shops-and-galleries\/\" \/>\n<meta property=\"og:site_name\" content=\"Julie Mineau - Jeweler\" \/>\n<meta property=\"article:modified_time\" content=\"2026-02-27T01:04:18+00:00\" \/>\n<meta name=\"twitter:label1\" content=\"Est. reading time\" \/>\n\t<meta name=\"twitter:data1\" content=\"1 minute\" \/>\n<script type=\"application\/ld+json\" class=\"yoast-schema-graph\">{\"@context\":\"https:\/\/schema.org\",\"@graph\":[{\"@type\":\"WebPage\",\"@id\":\"https:\/\/www.juliemineau.com\/en\/shops-and-galleries\/\",\"url\":\"https:\/\/www.juliemineau.com\/en\/shops-and-galleries\/\",\"name\":\"Shops and Galleries - Julie Mineau - Jeweler\",\"isPartOf\":{\"@id\":\"https:\/\/www.juliemineau.com\/en\/#website\"},\"primaryImageOfPage\":{\"@id\":\"https:\/\/www.juliemineau.com\/en\/shops-and-galleries\/#primaryimage\"},\"image\":{\"@id\":\"https:\/\/www.juliemineau.com\/en\/shops-and-galleries\/#primaryimage\"},\"thumbnailUrl\":\"https:\/\/www.juliemineau.com\/wp-content\/uploads\/2014\/10\/etsylogo.png\",\"datePublished\":\"2014-10-31T01:26:26+00:00\",\"dateModified\":\"2026-02-27T01:04:18+00:00\",\"description\":\"A list of Shops and Galleries for Julie Mineau jewelry.\",\"breadcrumb\":{\"@id\":\"https:\/\/www.juliemineau.com\/en\/shops-and-galleries\/#breadcrumb\"},\"inLanguage\":\"en-US\",\"potentialAction\":[{\"@type\":\"ReadAction\",\"target\":[\"https:\/\/www.juliemineau.com\/en\/shops-and-galleries\/\"]}]},{\"@type\":\"ImageObject\",\"inLanguage\":\"en-US\",\"@id\":\"https:\/\/www.juliemineau.com\/en\/shops-and-galleries\/#primaryimage\",\"url\":\"https:\/\/www.juliemineau.com\/wp-content\/uploads\/2014\/10\/etsylogo.png\",\"contentUrl\":\"https:\/\/www.juliemineau.com\/wp-content\/uploads\/2014\/10\/etsylogo.png\"},{\"@type\":\"BreadcrumbList\",\"@id\":\"https:\/\/www.juliemineau.com\/en\/shops-and-galleries\/#breadcrumb\",\"itemListElement\":[{\"@type\":\"ListItem\",\"position\":1,\"name\":\"Accueil\",\"item\":\"https:\/\/www.juliemineau.com\/en\/\"},{\"@type\":\"ListItem\",\"position\":2,\"name\":\"Shops and Galleries\"}]},{\"@type\":\"WebSite\",\"@id\":\"https:\/\/www.juliemineau.com\/en\/#website\",\"url\":\"https:\/\/www.juliemineau.com\/en\/\",\"name\":\"Julie Mineau - Jeweler\",\"description\":\"\",\"potentialAction\":[{\"@type\":\"SearchAction\",\"target\":{\"@type\":\"EntryPoint\",\"urlTemplate\":\"https:\/\/www.juliemineau.com\/en\/?s={search_term_string}\"},\"query-input\":{\"@type\":\"PropertyValueSpecification\",\"valueRequired\":true,\"valueName\":\"search_term_string\"}}],\"inLanguage\":\"en-US\"}]}<\/script>\n<!-- \/ Yoast SEO plugin. -->","yoast_head_json":{"title":"Shops and Galleries - Julie Mineau - Jeweler","description":"A list of Shops and Galleries for Julie Mineau jewelry.","robots":{"index":"index","follow":"follow","max-snippet":"max-snippet:-1","max-image-preview":"max-image-preview:large","max-video-preview":"max-video-preview:-1"},"canonical":"https:\/\/www.juliemineau.com\/en\/shops-and-galleries\/","og_locale":"en_US","og_type":"article","og_title":"Shops and Galleries - Julie Mineau - Jeweler","og_description":"A list of Shops and Galleries for Julie Mineau jewelry.","og_url":"https:\/\/www.juliemineau.com\/en\/shops-and-galleries\/","og_site_name":"Julie Mineau - Jeweler","article_modified_time":"2026-02-27T01:04:18+00:00","twitter_misc":{"Est. reading time":"1 minute"},"schema":{"@context":"https:\/\/schema.org","@graph":[{"@type":"WebPage","@id":"https:\/\/www.juliemineau.com\/en\/shops-and-galleries\/","url":"https:\/\/www.juliemineau.com\/en\/shops-and-galleries\/","name":"Shops and Galleries - Julie Mineau - Jeweler","isPartOf":{"@id":"https:\/\/www.juliemineau.com\/en\/#website"},"primaryImageOfPage":{"@id":"https:\/\/www.juliemineau.com\/en\/shops-and-galleries\/#primaryimage"},"image":{"@id":"https:\/\/www.juliemineau.com\/en\/shops-and-galleries\/#primaryimage"},"thumbnailUrl":"https:\/\/www.juliemineau.com\/wp-content\/uploads\/2014\/10\/etsylogo.png","datePublished":"2014-10-31T01:26:26+00:00","dateModified":"2026-02-27T01:04:18+00:00","description":"A list of Shops and Galleries for Julie Mineau jewelry.","breadcrumb":{"@id":"https:\/\/www.juliemineau.com\/en\/shops-and-galleries\/#breadcrumb"},"inLanguage":"en-US","potentialAction":[{"@type":"ReadAction","target":["https:\/\/www.juliemineau.com\/en\/shops-and-galleries\/"]}]},{"@type":"ImageObject","inLanguage":"en-US","@id":"https:\/\/www.juliemineau.com\/en\/shops-and-galleries\/#primaryimage","url":"https:\/\/www.juliemineau.com\/wp-content\/uploads\/2014\/10\/etsylogo.png","contentUrl":"https:\/\/www.juliemineau.com\/wp-content\/uploads\/2014\/10\/etsylogo.png"},{"@type":"BreadcrumbList","@id":"https:\/\/www.juliemineau.com\/en\/shops-and-galleries\/#breadcrumb","itemListElement":[{"@type":"ListItem","position":1,"name":"Accueil","item":"https:\/\/www.juliemineau.com\/en\/"},{"@type":"ListItem","position":2,"name":"Shops and Galleries"}]},{"@type":"WebSite","@id":"https:\/\/www.juliemineau.com\/en\/#website","url":"https:\/\/www.juliemineau.com\/en\/","name":"Julie Mineau - Jeweler","description":"","potentialAction":[{"@type":"SearchAction","target":{"@type":"EntryPoint","urlTemplate":"https:\/\/www.juliemineau.com\/en\/?s={search_term_string}"},"query-input":{"@type":"PropertyValueSpecification","valueRequired":true,"valueName":"search_term_string"}}],"inLanguage":"en-US"}]}},"jetpack_sharing_enabled":true,"_links":{"self":[{"href":"https:\/\/www.juliemineau.com\/en\/wp-json\/wp\/v2\/pages\/41","targetHints":{"allow":["GET"]}}],"collection":[{"href":"https:\/\/www.juliemineau.com\/en\/wp-json\/wp\/v2\/pages"}],"about":[{"href":"https:\/\/www.juliemineau.com\/en\/wp-json\/wp\/v2\/types\/page"}],"author":[{"embeddable":true,"href":"https:\/\/www.juliemineau.com\/en\/wp-json\/wp\/v2\/users\/1"}],"replies":[{"embeddable":true,"href":"https:\/\/www.juliemineau.com\/en\/wp-json\/wp\/v2\/comments?post=41"}],"version-history":[{"count":13,"href":"https:\/\/www.juliemineau.com\/en\/wp-json\/wp\/v2\/pages\/41\/revisions"}],"predecessor-version":[{"id":579,"href":"https:\/\/www.juliemineau.com\/en\/wp-json\/wp\/v2\/pages\/41\/revisions\/579"}],"wp:attachment":[{"href":"https:\/\/www.juliemineau.com\/en\/wp-json\/wp\/v2\/media?parent=41"}],"curies":[{"name":"wp","href":"https:\/\/api.w.org\/{rel}","templated":true}]}}